{"id":250,"date":"2018-02-01T12:25:38","date_gmt":"2018-02-01T11:25:38","guid":{"rendered":"http:\/\/blogs.fhag.es\/\/?page_id=250"},"modified":"2018-02-01T12:29:12","modified_gmt":"2018-02-01T11:29:12","slug":"politica-de-cookies","status":"publish","type":"page","link":"http:\/\/blogs.fhag.es\/index.php\/politica-de-cookies\/","title":{"rendered":"Pol\u00edtica de cookies"},"content":{"rendered":"<h2>Qu\u00e8 \u00e9s una cookie?<\/h2>\n<p>Les cookies s\u00f3n petits arxius de text que s&#8217;envien al dispositiu quan visiteu un lloc web. Les cookies s\u00f3n retornades al lloc web d&#8217;origen cada cop que el visiteu, o a un altre lloc web que reconeix que la cookie. Les cookies actuen com un record d&#8217;un lloc web, la qual cosa permet recordar el dispositiu en les visites subseg\u00fcents. Les cookies tamb\u00e9 poden recordar les vostres prefer\u00e8ncies, millorar l&#8217;experi\u00e8ncia de l&#8217;usuari, aix\u00ed com adaptar els anuncis.<\/p>\n<p>&nbsp;<\/p>\n<h2>Cookies utilitzades en aquest lloc web<\/h2>\n<p><strong>Cookies t\u00e8cniques<br \/>\n<\/strong>Les cookies t\u00e8cniques s\u00f3n essencials i necess\u00e0ries perqu\u00e8 el web funcioni correctament i per usar les diverses opcions i serveis que ofereix.<\/p>\n<p><strong>Cookies anal\u00edtiques<br \/>\n<\/strong>El nostre lloc web utilitza cookies de Google Analytics. La informaci\u00f3 que recullen aquestes cookies es transferida i arxivada per Google en els seus servidors dels Estats Units, d&#8217;acord amb les seves pr\u00e0ctiques de privacitat. Per a m\u00e9s informaci\u00f3 de les pr\u00e0ctiques de privadesa de Google i com s&#8217;apliquen a Google Analytics visiteu: <a href=\"https:\/\/support.google.com\/analytics\/answer\/6004245\">Pol\u00edtica de Privadesa de Google Analytics<\/a><\/p>\n<p><strong>Cookies de sessi\u00f3<br \/>\n<\/strong>Les cookies de sessi\u00f3 s\u00f3n aquelles que existeixen nom\u00e9s mentre l&#8217;usuari navega pel web i s&#8217;eliminen al final.<\/p>\n<p><strong>Com controlar i eliminar les cookies<br \/>\n<\/strong>La majoria dels navegadors web accepten cookies, per\u00f2 podeu canviar la configuraci\u00f3 del navegador web perqu\u00e8 rebutgi noves cookies, desactivi les que ja existeixen o b\u00e9 que us comuniqui quan alg\u00fa us envia una nova cookie al vostre dispositiu. Per canviar la configuraci\u00f3 seguiu les instruccions que us proporciona cada navegador:<\/p>\n<p>Internet Explorer: Eines &gt; Opcions d&#8217;internet &gt; Privadesa<br \/>\nO b\u00e9 <a href=\"https:\/\/support.microsoft.com\/es-es\/help\/17442\/windows-internet-explorer-delete-manage-cookies#ie=ie-11\">fes clic aqu\u00ed<\/a> per m\u00e9s informaci\u00f3.<\/p>\n<p>Firefox: Eines &gt; Opcions &gt; Privadesa &gt; Historial &gt; Par\u00e0metres personalitzats.<br \/>\nO b\u00e9 <a href=\"https:\/\/support.mozilla.org\/es\/kb\/habilitar-y-deshabilitar-cookies-sitios-web-rastrear-preferencias?redirectlocale=es&amp;redirectslug=habilitar-y-deshabilitar-cookies-que-los-sitios-we\">fes clic aqu\u00ed<\/a> per m\u00e9s informaci\u00f3.<\/p>\n<p>Chrome: Configuraci\u00f3 &gt; Mostra la configuraci\u00f3 avan\u00e7ada &gt; Privadesa &gt; Configuraci\u00f3 del contingut.<br \/>\nO b\u00e9 <a href=\"https:\/\/support.google.com\/chrome\/answer\/95647?hl=ca\">fes clic aqu\u00ed<\/a> per m\u00e9s informaci\u00f3.<\/p>\n<p>Safari: Prefer\u00e8ncies &gt; Seguretat.<br \/>\nO b\u00e9 <a href=\"https:\/\/support.apple.com\/es-es\/HT201265\">fes clic aqu\u00ed<\/a> per m\u00e9s informaci\u00f3.<\/p>\n<p>Opera: Configuraci\u00f3.<br \/>\nO b\u00e9 <a href=\"http:\/\/www.opera.com\/help\/tutorials\/security\/privacy\/\">fes clic aqu\u00ed <\/a>per m\u00e9s informaci\u00f3.<\/p>\n<p>Bloquejar l&#8217;\u00fas de les cookies en la vostra navegaci\u00f3 pot fer que alguns serveis o caracter\u00edstiques del lloc web no estiguin disponibles.<\/p>\n","protected":false},"excerpt":{"rendered":"<p>Qu\u00e8 \u00e9s una cookie? Les cookies s\u00f3n petits arxius de text que s&#8217;envien al dispositiu quan visiteu un lloc web. Les cookies s\u00f3n retornades al lloc web d&#8217;origen cada cop que el visiteu, o a un altre lloc web que reconeix que la cookie. Les cookies actuen com un record d&#8217;un lloc web, la qual &hellip; <a href=\"http:\/\/blogs.fhag.es\/index.php\/politica-de-cookies\/\" class=\"more-link\">Continua llegint <span class=\"screen-reader-text\">\u00abPol\u00edtica de cookies\u00bb<\/span><\/a><\/p>\n","protected":false},"author":1,"featured_media":0,"parent":0,"menu_order":0,"comment_status":"closed","ping_status":"closed","template":"","meta":{"_exactmetrics_skip_tracking":false,"_exactmetrics_sitenote_active":false,"_exactmetrics_sitenote_note":"","_exactmetrics_sitenote_category":0,"footnotes":""},"class_list":["post-250","page","type-page","status-publish","hentry"],"_links":{"self":[{"href":"http:\/\/blogs.fhag.es\/index.php\/wp-json\/wp\/v2\/pages\/250"}],"collection":[{"href":"http:\/\/blogs.fhag.es\/index.php\/wp-json\/wp\/v2\/pages"}],"about":[{"href":"http:\/\/blogs.fhag.es\/index.php\/wp-json\/wp\/v2\/types\/page"}],"author":[{"embeddable":true,"href":"http:\/\/blogs.fhag.es\/index.php\/wp-json\/wp\/v2\/users\/1"}],"replies":[{"embeddable":true,"href":"http:\/\/blogs.fhag.es\/index.php\/wp-json\/wp\/v2\/comments?post=250"}],"version-history":[{"count":4,"href":"http:\/\/blogs.fhag.es\/index.php\/wp-json\/wp\/v2\/pages\/250\/revisions"}],"predecessor-version":[{"id":252,"href":"http:\/\/blogs.fhag.es\/index.php\/wp-json\/wp\/v2\/pages\/250\/revisions\/252"}],"wp:attachment":[{"href":"http:\/\/blogs.fhag.es\/index.php\/wp-json\/wp\/v2\/media?parent=250"}],"curies":[{"name":"wp","href":"https:\/\/api.w.org\/{rel}","templated":true}]}}